{"id":41,"date":"2025-02-20T20:56:34","date_gmt":"2025-02-20T20:56:34","guid":{"rendered":"https:\/\/clatcsa2025.wgsr.uw.edu.pl\/payment\/?page_id=41"},"modified":"2025-03-07T15:27:09","modified_gmt":"2025-03-07T15:27:09","slug":"es-terminos-y-condiciones-de-registro-y-participacion","status":"publish","type":"page","link":"https:\/\/clatcsa2025.wgsr.uw.edu.pl\/payment\/index.php\/es-terminos-y-condiciones-de-registro-y-participacion\/","title":{"rendered":"[ES] T\u00e9rminos y Condiciones de Registro y Participaci\u00f3n"},"content":{"rendered":"<h4>T\u00e9rminos y Condiciones de Registro y Participaci\u00f3n en el Congreso Latinoamericano de ciencias sociales y ambientales Varsovia CLATCSA 2025, 16 \u2013 19 de junio 2025.<\/h4>\n<p>Direcci\u00f3n de correspondencia (para la comunicaci\u00f3n entre los Participantes y los Organizadores del Congreso): Uniwersytet Warszawski, Wydzia\u0142 Geografii i Studi\u00f3w Regionalnych, Calle Krakowskie Przedmie\u015bcie 30, 00-927 Warszawa; correro electr\u00f3nico: clatcsa@uw.edu.pl, tel. (48) + 22 55 20\u00a0636<\/p>\n<p style=\"text-align: center;\">\u00a71<\/p>\n<p>Al registrarse en el formulario del Congreso <a href=\"https:\/\/docs.google.com\/forms\/d\/e\/1FAIpQLSdq0HxrIClNCSfuEl8nX6RRvl_QcfGEyx8lnYTexQoX4RLxng\/viewform\">https:\/\/docs.google.com\/forms\/d\/e\/1FAIpQLSdq0HxrIClNCSfuEl8nX6RRvl_QcfGEyx8lnYTexQoX4RLxng\/viewform<\/a> , declara su participaci\u00f3n en el Congreso Latinoamericano de ciencias sociales y ambientales\u00a0Varsovia, 16 \u2013 19 de junio 2025 en lo sucesivo denominada: &#8220;el Congreso&#8221;.<\/p>\n<p style=\"text-align: center;\">\u00a72<\/p>\n<p>El Congreso es de naturaleza exclusivamente educativa y acad\u00e9mica, relacionada con los participantes.<\/p>\n<p style=\"text-align: center;\">\u00a73<\/p>\n<p>Los participantes confirman su participaci\u00f3n en el Congreso mediante el pago de una tarifa del Congreso por las siguientes cantidades:<\/p>\n<ul>\n<li>Tarifa completa: 150 EUR<\/li>\n<li>Reducida (para estudiantes, doctorandos y asistentes sin presentaci\u00f3n): 75 EUR<\/li>\n<\/ul>\n<p>Las cuotas del Congreso se pagan a la Universidad de Varsovia (UW). Uniwersytet Warszawski, ul. Krakowskie Przedmie\u015bcie 26\/28, 00-927 Warszawa, NIF-IVA 525-001-12-66, REGON 000001258.<\/p>\n<p>La cuota debe abonarse antes del 17 de abril para garantizar la participaci\u00f3n en el Congreso.<\/p>\n<p>Tras la recepci\u00f3n del pago, la persona indicada en el pago adquiere el derecho a participar plenamente en el Congreso, seg\u00fan su programa, del 16 al 19 de junio de 2025, y a obtener un certificado de asistencia, si tiene lugar.<\/p>\n<p style=\"text-align: center;\">\u00a74<\/p>\n<p>Los participantes pueden realizar el pago a la UW mediante transferencia bancaria al n\u00famero de cuenta indicado por el organizador del Congreso, o mediante tarjeta de cr\u00e9dito o d\u00e9bito Visa y MasterCard. Los pagos con tarjeta de cr\u00e9dito son procesados \u200b\u200bpor PayU S.A.<\/p>\n<p style=\"text-align: center;\">\u00a75<\/p>\n<p>Las tarifas del Congreso menos los cargos bancarios se reembolsar\u00e1n, si se recibe la notificaci\u00f3n de cancelaci\u00f3n antes del 30 de abril de 2025. Despu\u00e9s del 30 de abril de 2025, pero no m\u00e1s tarde del 10 de mayo de 2025, las tarifas reembolsadas se reducir\u00e1n en 20 EUR. Despu\u00e9s del 10 de mayo de 2025, no se realizar\u00e1n reembolsos. Todas las devoluciones se realizar\u00e1n dentro de las 4 semanas siguientes a la fecha de cierre del Congreso. Los fondos se devolver\u00e1n a la tarjeta utilizada para realizar el pago. Los fondos se reembolsar\u00e1n a la tarjeta utilizada para el pago o a la cuenta desde la que se realiz\u00f3 la transferencia.<\/p>\n<p>&nbsp;<\/p>\n<p style=\"text-align: center;\">\u00a76<\/p>\n<p>Los participantes no pueden transferir ning\u00fan derecho o responsabilidad que surja de estos T\u00e9rminos y Condiciones a terceros sin el consentimiento previo por escrito del organizador del Congreso.<\/p>\n<p style=\"text-align: center;\">\u00a77<\/p>\n<p>Cualquier asunto no regulado por estos T\u00e9rminos y Condiciones est\u00e1 regulado por el c\u00f3digo civil polaco.<\/p>\n<p style=\"text-align: center;\">\u00a78<\/p>\n<p>Las disputas se resolver\u00e1n mediante arbitraje. Si no se llega a un acuerdo, la disputa se remitir\u00e1 al tribunal en cuya jurisdicci\u00f3n territorial reside el organizador.<\/p>\n<p style=\"text-align: center;\">\u00a79<\/p>\n<p>Los participantes ser\u00e1n informados de todos los cambios y adiciones a los T\u00e9rminos y Condiciones por escrito.<\/p>\n<p style=\"text-align: center;\">\u00a710<\/p>\n<p>Los datos de los participantes, recopilados durante el registro en l\u00ednea, ser\u00e1n almacenados por la Universidad de Varsovia, ul. Krakowskie Przedmie\u015bcie 26\/28, Varsovia, NIP 525-001-12-66, REGON 000001258, de acuerdo con las disposiciones de la Ley de Protecci\u00f3n de Datos de 29 de agosto de 1997 (Dziennik Ustaw 2002 Nr 101, art. 926 con modificaciones posteriores) para el prop\u00f3sitos de completar este acuerdo. Los datos se proporcionan gratuitamente, pero son necesarios para participar en el Congreso. Los participantes tienen derecho a acceder a sus datos y a modificarlos.<\/p>\n<p>CONDICIONES DE RECLAMACIONES<br \/>\nTodas las reclamaciones se tramitar\u00e1n en un plazo de dos semanas a partir de su recepci\u00f3n por escrito a Uniwersytet Warszawski, Wydzia\u0142 Geografii i Studi\u00f3w Regionalnych, CLATCSA2025, ul. Krakowskie Przedmie\u015bcie 30, 00-927 Warszawa pero no m\u00e1s tarde del 30 de junio de 2025.<\/p>\n","protected":false},"excerpt":{"rendered":"<p>T\u00e9rminos y Condiciones de Registro y Participaci\u00f3n en el Congreso Latinoamericano de ciencias sociales y ambientales Varsovia CLATCSA 2025, 16 \u2013 19 de junio 2025. Direcci\u00f3n de correspondencia (para la comunicaci\u00f3n entre los Participantes y los Organizadores del Congreso): Uniwersytet Warszawski, Wydzia\u0142 Geografii i Studi\u00f3w Regionalnych, Calle Krakowskie Przedmie\u015bcie 30, 00-927 Warszawa; correro electr\u00f3nico: clatcsa@uw.edu.pl, [&hellip;]<\/p>\n","protected":false},"author":2,"featured_media":0,"parent":0,"menu_order":0,"comment_status":"closed","ping_status":"closed","template":"","meta":{"footnotes":""},"class_list":["post-41","page","type-page","status-publish","czr-hentry"],"_links":{"self":[{"href":"https:\/\/clatcsa2025.wgsr.uw.edu.pl\/payment\/index.php\/wp-json\/wp\/v2\/pages\/41","targetHints":{"allow":["GET"]}}],"collection":[{"href":"https:\/\/clatcsa2025.wgsr.uw.edu.pl\/payment\/index.php\/wp-json\/wp\/v2\/pages"}],"about":[{"href":"https:\/\/clatcsa2025.wgsr.uw.edu.pl\/payment\/index.php\/wp-json\/wp\/v2\/types\/page"}],"author":[{"embeddable":true,"href":"https:\/\/clatcsa2025.wgsr.uw.edu.pl\/payment\/index.php\/wp-json\/wp\/v2\/users\/2"}],"replies":[{"embeddable":true,"href":"https:\/\/clatcsa2025.wgsr.uw.edu.pl\/payment\/index.php\/wp-json\/wp\/v2\/comments?post=41"}],"version-history":[{"count":3,"href":"https:\/\/clatcsa2025.wgsr.uw.edu.pl\/payment\/index.php\/wp-json\/wp\/v2\/pages\/41\/revisions"}],"predecessor-version":[{"id":111,"href":"https:\/\/clatcsa2025.wgsr.uw.edu.pl\/payment\/index.php\/wp-json\/wp\/v2\/pages\/41\/revisions\/111"}],"wp:attachment":[{"href":"https:\/\/clatcsa2025.wgsr.uw.edu.pl\/payment\/index.php\/wp-json\/wp\/v2\/media?parent=41"}],"curies":[{"name":"wp","href":"https:\/\/api.w.org\/{rel}","templated":true}]}}