{"id":67,"date":"2025-03-05T17:14:26","date_gmt":"2025-03-05T17:14:26","guid":{"rendered":"https:\/\/clatcsa2025.wgsr.uw.edu.pl\/payment\/?page_id=67"},"modified":"2025-03-05T20:14:57","modified_gmt":"2025-03-05T20:14:57","slug":"politica-de-privacidad","status":"publish","type":"page","link":"https:\/\/clatcsa2025.wgsr.uw.edu.pl\/payment\/index.php\/politica-de-privacidad\/","title":{"rendered":"[ES] Pol\u00edtica de Privacidad"},"content":{"rendered":"<pre><a href=\"https:\/\/clatcsa2025.wgsr.uw.edu.pl\/payment\/index.php\/en-privacy-policy\/\">[EN] Privacy Policy<\/a> - [ES] Pol\u00edtica de Privacidad - <a href=\"https:\/\/clatcsa2025.wgsr.uw.edu.pl\/payment\/index.php\/pl-polityka-prywatnosci\/\">[PL] Polityka prywatno\u015bci<\/a><\/pre>\n<p><strong>Pol\u00edtica de Privacidad<\/strong><\/p>\n<p>La Universidad de Varsovia otorga especial importancia a la protecci\u00f3n de la privacidad de los usuarios que visitan sus sitios web dentro del dominio *.uw.edu.pl. Con el fin de proporcionar servicios de la m\u00e1s alta calidad, utilizamos cookies. Puede obtener m\u00e1s informaci\u00f3n sobre su uso en el siguiente enlace: <a href=\"https:\/\/wszystkoociasteczkach.pl\/\">https:\/\/wszystkoociasteczkach.pl\/<\/a>. Al acceder a nuestros sitios web, las cookies ser\u00e1n almacenadas en su dispositivo. No obstante, en cualquier momento puede modificar la configuraci\u00f3n de su navegador para gestionar su uso.<\/p>\n<p><strong>Tipos de cookies utilizadas en uw.edu.pl<\/strong><\/p>\n<ul>\n<li>Cookies de rendimiento: recopilan informaci\u00f3n sobre la forma en que los usuarios interact\u00faan con el sitio web.<\/li>\n<li>Cookies funcionales: almacenan las preferencias del usuario, como el idioma seleccionado o los consentimientos otorgados.<\/li>\n<\/ul>\n<p>En particular, utilizamos las siguientes cookies:<\/p>\n<ul>\n<li>google-analytics.com: utilizadas para generar datos estad\u00edsticos sobre el uso de la p\u00e1gina uw.edu.pl.<\/li>\n<li>g.doubleclick.net: empleadas para verificar clics y realizar el etiquetado autom\u00e1tico de direcciones URL.<\/li>\n<li>net: utilizadas para registrar la fecha, la hora y el lugar de visualizaci\u00f3n de contenidos, as\u00ed como la frecuencia con la que un usuario visita una p\u00e1gina espec\u00edfica.<\/li>\n<li>com: m\u00e1s informaci\u00f3n sobre las cookies de Google disponible en:<\/li>\n<\/ul>\n<p><a href=\"https:\/\/policies.google.com\/technologies\/types?hl=pl\">https:\/\/policies.google.com\/technologies\/types?hl=pl<\/a><\/p>\n<p><a href=\"https:\/\/developers.google.com\/analytics\/devguides\/collection\/analyticsjs\/cookie-usage?hl=pl\">https:\/\/developers.google.com\/analytics\/devguides\/collection\/analyticsjs\/cookie-usage?hl=pl<\/a><\/p>\n<ul>\n<li>Cloudflare cloudflare.com: utilizadas para mejorar el rendimiento y la seguridad del sitio web. M\u00e1s informaci\u00f3n en: <a href=\"https:\/\/www.cloudflare.com\/gdpr\/introduction\/\">https:\/\/www.cloudflare.com\/gdpr\/introduction\/<\/a>.<\/li>\n<\/ul>\n<p>Los sitios web externos a los que los usuarios pueden acceder desde el dominio uw.edu.pl pueden utilizar cookies distintas a las mencionadas anteriormente. La Universidad de Varsovia no se hace responsable del cumplimiento de las pol\u00edticas de privacidad por parte de dichos sitios externos. Se recomienda revisar detenidamente las pol\u00edticas de privacidad de cada una de las p\u00e1ginas web a las que se acceda desde uw.edu.pl.<\/p>\n<p>Los usuarios pueden modificar en cualquier momento la configuraci\u00f3n de cookies a trav\u00e9s de su navegador web. No obstante, la restricci\u00f3n o desactivaci\u00f3n de cookies podr\u00eda afectar el correcto funcionamiento de determinadas funcionalidades en los sitios web del dominio uw.edu.pl.<\/p>\n<p><strong>Recopilaci\u00f3n de Datos<\/strong><\/p>\n<p>El sitio web uw.edu.pl registra y almacena las consultas HTTP enviadas a nuestro servidor. Los recursos accedidos se identifican mediante direcciones URL. En nuestros archivos de registro del servidor web, se recopila la siguiente informaci\u00f3n:<\/p>\n<ul>\n<li>Direcci\u00f3n IP p\u00fablica del dispositivo que realiza la consulta al servidor.<\/li>\n<li>N\u00famero de bytes transmitidos por el servidor en respuesta a la solicitud.<\/li>\n<li>Informaci\u00f3n sobre el navegador web utilizado por el usuario.<\/li>\n<li>Fecha y hora en que el servidor env\u00eda los datos al usuario.<\/li>\n<\/ul>\n<p>Los datos recopilados no contienen informaci\u00f3n que permita identificar directamente a los usuarios. No obstante, en combinaci\u00f3n con otros elementos, podr\u00edan constituir datos personales. En cumplimiento del Reglamento General de Protecci\u00f3n de Datos (RGPD), la Universidad de Varsovia garantiza la seguridad y confidencialidad de esta informaci\u00f3n.<\/p>\n<p><strong>Utilizaci\u00f3n de los Datos<\/strong><\/p>\n<p>Los registros recopilados se almacenan por un per\u00edodo indefinido y se utilizan exclusivamente con fines administrativos para la gesti\u00f3n y optimizaci\u00f3n del sitio web. El acceso a esta informaci\u00f3n est\u00e1 restringido \u00fanicamente a los administradores del sitio. A partir de estos registros, se pueden generar estad\u00edsticas internas con fines anal\u00edticos.<\/p>\n<p><strong>Tratamiento de Datos Personales<\/strong><\/p>\n<p><strong>Administrador de Datos Personales<\/strong><\/p>\n<p>El responsable del tratamiento de sus datos personales es:<\/p>\n<p>Universidad de Varsovia<br \/>\nKrakowskie Przedmie\u015bcie 26\/28<br \/>\n00-928 Varsovia, Polonia<\/p>\n<p>Para contactar con el administrador:<\/p>\n<ul>\n<li>Por correo postal: Uniwersytet Warszawski, ul. Krakowskie Przedmie\u015bcie 26\/28, 00-927 Varsovia (indicando la unidad administrativa correspondiente).<\/li>\n<li>Por tel\u00e9fono: +48 22 55 20 000.<\/li>\n<\/ul>\n<p><strong>Inspector de Protecci\u00f3n de Datos Personales<\/strong><\/p>\n<p>La Universidad de Varsovia ha designado un Inspector de Protecci\u00f3n de Datos Personales (DPO), con quien puede comunicarse para cualquier consulta relacionada con el procesamiento de sus datos personales y el ejercicio de sus derechos conforme al RGPD. Correo electr\u00f3nico: iod@adm.uw.edu.pl.<\/p>\n<p><strong>Finalidad y Base Legal para el Tratamiento de Datos Personales<\/strong><\/p>\n<p>La Universidad de Varsovia tratar\u00e1 sus datos personales con las siguientes finalidades:<\/p>\n<ul>\n<li>Mantener la comunicaci\u00f3n con usted a trav\u00e9s de correo electr\u00f3nico o tel\u00e9fono, en caso de que inicie contacto con la Universidad por estos medios. Este tratamiento se basa en el art\u00edculo 6(1)(c) del RGPD (Reglamento UE 2016\/679), que establece la necesidad del tratamiento para cumplir con obligaciones legales impuestas al administrador. Dichas obligaciones derivan, en particular, de: La Ley de Educaci\u00f3n Superior y Ciencia del 20 de julio de 2018, La Ley de Telecomunicaciones del 16 de julio de 2016, La Ley de Informatizaci\u00f3n de Entidades que Prestan Servicios P\u00fablicos.<\/li>\n<li>Mejorar la calidad de los servicios mediante el procesamiento de informaci\u00f3n estad\u00edstica sobre el uso del sitio web. Este tratamiento se fundamenta en el art\u00edculo 6(1)(f) del RGPD, en virtud del inter\u00e9s leg\u00edtimo del administrador de aumentar la accesibilidad del sitio web y optimizar la calidad y funcionalidades de los servicios ofrecidos.<\/li>\n<li>Distribuir boletines informativos, con base en el art\u00edculo 6(1)(a) del RGPD, es decir, previo consentimiento de la persona interesada.<\/li>\n<li>Incluir su direcci\u00f3n en la lista de correo destinada a medios de comunicaci\u00f3n, conforme al art\u00edculo 6(1)(a) del RGPD, basado en el consentimiento otorgado por el titular de los datos.<\/li>\n<\/ul>\n<p>Puede revocar su consentimiento en cualquier momento enviando un correo electr\u00f3nico a: redakcja.www@uw.edu.pl. La revocaci\u00f3n no afectar\u00e1 la legalidad del tratamiento realizado antes de su retirada.<\/p>\n<p>Adicionalmente, la Universidad de Varsovia podr\u00e1 tratar sus datos personales para el cumplimiento de tareas de inter\u00e9s p\u00fablico (art\u00edculo 6(1)(e) del RGPD) o, en ciertos casos, con base en intereses leg\u00edtimos del administrador (art\u00edculo 6(1)(f) del RGPD).<\/p>\n<p><strong>Destinatarios de los Datos Personales<\/strong><\/p>\n<p>El acceso a sus datos personales est\u00e1 restringido a empleados y colaboradores autorizados de la Universidad de Varsovia, quienes los tratar\u00e1n exclusivamente en el marco de sus funciones.<\/p>\n<p>Asimismo, los datos podr\u00e1n ser compartidos con entidades externas a las que la Universidad encargue la realizaci\u00f3n de determinadas actividades que impliquen el tratamiento de datos personales. En estos casos, para garantizar una protecci\u00f3n adecuada, la Universidad ha suscrito los correspondientes acuerdos de encargo de tratamiento de datos personales con dichas entidades.<\/p>\n<p><strong>Per\u00edodo de conservaci\u00f3n de los datos personales<\/strong><\/p>\n<p>Sus datos personales ser\u00e1n procesados hasta que se haya cumplido la finalidad para la que fueron recopilados. Posteriormente, los datos se conservar\u00e1n \u00fanicamente cuando as\u00ed lo exija la ley, en particular de conformidad con la Ley de Recursos de Archivos Nacionales y Archivos del 14 de julio de 1983 (Bolet\u00edn Oficial de 2018, art\u00edculo 217, en su versi\u00f3n modificada) y la Ley de Telecomunicaciones.<\/p>\n<p><strong>Sus derechos en materia de protecci\u00f3n de datos<\/strong><\/p>\n<p>Garantizamos el ejercicio de todos sus derechos conforme al Reglamento General de Protecci\u00f3n de Datos (RGPD), incluyendo:<\/p>\n<ul>\n<li>Derecho de acceso \u2013 obtener confirmaci\u00f3n sobre si sus datos personales est\u00e1n siendo procesados y recibir una copia de los mismos.<\/li>\n<li>Derecho de rectificaci\u00f3n \u2013 solicitar la correcci\u00f3n de datos personales inexactos o incompletos.<\/li>\n<li>Derecho a la limitaci\u00f3n del tratamiento \u2013 restringir el procesamiento de sus datos bajo determinadas condiciones.<\/li>\n<li>Derecho de supresi\u00f3n (&#8220;derecho al olvido&#8221;) \u2013 solicitar la eliminaci\u00f3n de datos personales, sujeto a las excepciones previstas en el art\u00edculo 17(3) del RGPD.<\/li>\n<li>Derecho a presentar una reclamaci\u00f3n \u2013 interponer una reclamaci\u00f3n ante el Comisionado de Protecci\u00f3n de Datos de Polonia si considera que el Administrador ha infringido la normativa de protecci\u00f3n de datos.<\/li>\n<\/ul>\n<p><strong>Obligaci\u00f3n de proporcionar datos personales y posibles consecuencias en caso de no hacerlo<\/strong><\/p>\n<p>El suministro de datos personales requeridos para el cumplimiento de obligaciones legales es obligatorio. No obstante, cuando el tratamiento de datos se base en su consentimiento, el suministro de dichos datos ser\u00e1 voluntario. La falta de provisi\u00f3n de datos personales podr\u00eda dificultar o impedir la consecuci\u00f3n de los fines indicados.<\/p>\n<p>Esta pol\u00edtica de privacidad podr\u00e1 ser modificada o complementada seg\u00fan sea necesario, con el fin de garantizar que los usuarios reciban informaci\u00f3n actualizada y fiable sobre el tratamiento de sus datos personales. Cualquier modificaci\u00f3n ser\u00e1 publicada en este sitio web.<\/p>\n<p style=\"text-align: right;\">Fuente: <a href=\"https:\/\/sklep.uw.edu.pl\/polityka-prywatnosci\/\">https:\/\/sklep.uw.edu.pl\/polityka-prywatnosci\/<\/a><\/p>\n","protected":false},"excerpt":{"rendered":"<p>[EN] Privacy Policy &#8211; [ES] Pol\u00edtica de Privacidad &#8211; [PL] Polityka prywatno\u015bci Pol\u00edtica de Privacidad La Universidad de Varsovia otorga especial importancia a la protecci\u00f3n de la privacidad de los usuarios que visitan sus sitios web dentro del dominio *.uw.edu.pl. Con el fin de proporcionar servicios de la m\u00e1s alta calidad, utilizamos cookies. Puede obtener [&hellip;]<\/p>\n","protected":false},"author":2,"featured_media":0,"parent":0,"menu_order":0,"comment_status":"closed","ping_status":"closed","template":"","meta":{"footnotes":""},"class_list":["post-67","page","type-page","status-publish","czr-hentry"],"_links":{"self":[{"href":"https:\/\/clatcsa2025.wgsr.uw.edu.pl\/payment\/index.php\/wp-json\/wp\/v2\/pages\/67","targetHints":{"allow":["GET"]}}],"collection":[{"href":"https:\/\/clatcsa2025.wgsr.uw.edu.pl\/payment\/index.php\/wp-json\/wp\/v2\/pages"}],"about":[{"href":"https:\/\/clatcsa2025.wgsr.uw.edu.pl\/payment\/index.php\/wp-json\/wp\/v2\/types\/page"}],"author":[{"embeddable":true,"href":"https:\/\/clatcsa2025.wgsr.uw.edu.pl\/payment\/index.php\/wp-json\/wp\/v2\/users\/2"}],"replies":[{"embeddable":true,"href":"https:\/\/clatcsa2025.wgsr.uw.edu.pl\/payment\/index.php\/wp-json\/wp\/v2\/comments?post=67"}],"version-history":[{"count":4,"href":"https:\/\/clatcsa2025.wgsr.uw.edu.pl\/payment\/index.php\/wp-json\/wp\/v2\/pages\/67\/revisions"}],"predecessor-version":[{"id":85,"href":"https:\/\/clatcsa2025.wgsr.uw.edu.pl\/payment\/index.php\/wp-json\/wp\/v2\/pages\/67\/revisions\/85"}],"wp:attachment":[{"href":"https:\/\/clatcsa2025.wgsr.uw.edu.pl\/payment\/index.php\/wp-json\/wp\/v2\/media?parent=67"}],"curies":[{"name":"wp","href":"https:\/\/api.w.org\/{rel}","templated":true}]}}