{"id":22,"date":"2025-01-30T20:22:22","date_gmt":"2025-01-30T20:22:22","guid":{"rendered":"https:\/\/clatcsa2025.wgsr.uw.edu.pl\/payment\/?post_type=product&#038;p=22"},"modified":"2025-04-01T13:28:27","modified_gmt":"2025-04-01T13:28:27","slug":"full-fee","status":"publish","type":"product","link":"https:\/\/clatcsa2025.wgsr.uw.edu.pl\/payment\/index.php\/produkt\/full-fee\/","title":{"rendered":"Full fee\/ Tarifa completa"},"content":{"rendered":"<h4><strong>Full fee\/ Tarifa completa: 150 EUR<\/strong><\/h4>\n<p><strong>[EN]<\/strong> The conference fee will cover conference materials, coffee breaks and lunch during the congress sessions days. Each participant that has presentation during the Congress, will receive certificate.<\/p>\n<p><strong>[ES]<\/strong> La cuota de la conferencia cubre los materiales del evento, los descansos para el caf\u00e9 y el almuerzo durante los d\u00edas de sesiones del congreso. Cada participante que tenga una presentaci\u00f3n durante el Congreso recibir\u00e1 un certificado.<\/p>\n<p><strong>[PL]<\/strong> Op\u0142ata konferencyjna obejmuje materia\u0142y konferencyjne, przerwy kawowe i lunch podczas sesji kongresowych. Ka\u017cdy uczestnik, kt\u00f3ry wyg\u0142osi prezentacj\u0119 podczas Kongresu, otrzyma certyfikat.<\/p>\n","protected":false},"excerpt":{"rendered":"<p>Full fee\/ Tarifa completa: 150 EUR [EN] The conference fee will cover conference materials, coffee breaks and lunch during the congress sessions days. Each participant that has presentation during the Congress, will receive certificate. [ES] La cuota de la conferencia cubre los materiales del evento, los descansos para el caf\u00e9 y el almuerzo durante los [&hellip;]<\/p>\n","protected":false},"featured_media":49,"template":"","meta":[],"product_brand":[],"product_cat":[15],"product_tag":[],"class_list":{"0":"post-22","1":"product","2":"type-product","3":"status-publish","4":"has-post-thumbnail","6":"product_cat-bez-kategorii","8":"first","9":"instock","10":"downloadable","11":"virtual","12":"purchasable","13":"product-type-simple","14":"czr-hentry"},"_links":{"self":[{"href":"https:\/\/clatcsa2025.wgsr.uw.edu.pl\/payment\/index.php\/wp-json\/wp\/v2\/product\/22","targetHints":{"allow":["GET"]}}],"collection":[{"href":"https:\/\/clatcsa2025.wgsr.uw.edu.pl\/payment\/index.php\/wp-json\/wp\/v2\/product"}],"about":[{"href":"https:\/\/clatcsa2025.wgsr.uw.edu.pl\/payment\/index.php\/wp-json\/wp\/v2\/types\/product"}],"wp:featuredmedia":[{"embeddable":true,"href":"https:\/\/clatcsa2025.wgsr.uw.edu.pl\/payment\/index.php\/wp-json\/wp\/v2\/media\/49"}],"wp:attachment":[{"href":"https:\/\/clatcsa2025.wgsr.uw.edu.pl\/payment\/index.php\/wp-json\/wp\/v2\/media?parent=22"}],"wp:term":[{"taxonomy":"product_brand","embeddable":true,"href":"https:\/\/clatcsa2025.wgsr.uw.edu.pl\/payment\/index.php\/wp-json\/wp\/v2\/product_brand?post=22"},{"taxonomy":"product_cat","embeddable":true,"href":"https:\/\/clatcsa2025.wgsr.uw.edu.pl\/payment\/index.php\/wp-json\/wp\/v2\/product_cat?post=22"},{"taxonomy":"product_tag","embeddable":true,"href":"https:\/\/clatcsa2025.wgsr.uw.edu.pl\/payment\/index.php\/wp-json\/wp\/v2\/product_tag?post=22"}],"curies":[{"name":"wp","href":"https:\/\/api.w.org\/{rel}","templated":true}]}}